{"id":559,"date":"2023-12-08T14:03:41","date_gmt":"2023-12-08T14:03:41","guid":{"rendered":"https:\/\/unicosolar.com.br\/backup\/?page_id=559"},"modified":"2024-05-24T18:25:48","modified_gmt":"2024-05-24T21:25:48","slug":"carreira","status":"publish","type":"page","link":"https:\/\/unicosolar.com.br\/backup\/carreira\/","title":{"rendered":"Carreira"},"content":{"rendered":"\t\t<div data-elementor-type=\"wp-page\" data-elementor-id=\"559\" class=\"elementor elementor-559\">\n\t\t\t\t<header class=\"elementor-element elementor-element-9a4e2eb e-flex e-con-boxed e-con e-parent\" data-id=\"9a4e2eb\" data-element_type=\"container\" data-settings=\"{&quot;background_background&quot;:&quot;classic&quot;}\">\n\t\t\t\t\t<div class=\"e-con-inner\">\n\t\t\t\t<div class=\"elementor-element elementor-element-53b7f79 elementor-widget__width-initial elementor-invisible elementor-widget elementor-widget-heading\" data-id=\"53b7f79\" data-element_type=\"widget\" data-settings=\"{&quot;_animation&quot;:&quot;fadeIn&quot;}\" data-widget_type=\"heading.default\">\n\t\t\t\t<div class=\"elementor-widget-container\">\n\t\t\t\t\t<h1 class=\"elementor-heading-title elementor-size-default\">A empresa de energia solar\nfeita de pessoas que buscam\nfazer a diferen\u00e7a est\u00e1\nbuscando talentos como voc\u00ea!<\/h1>\t\t\t\t<\/div>\n\t\t\t\t<\/div>\n\t\t\t\t<div class=\"elementor-element elementor-element-9a5dd24 elementor-align-center elementor-widget elementor-widget-button\" data-id=\"9a5dd24\" data-element_type=\"widget\" data-widget_type=\"button.default\">\n\t\t\t\t<div class=\"elementor-widget-container\">\n\t\t\t\t\t\t\t\t\t<div class=\"elementor-button-wrapper\">\n\t\t\t\t\t<a class=\"elementor-button elementor-button-link elementor-size-sm elementor-animation-shrink\" href=\"#form\">\n\t\t\t\t\t\t<span class=\"elementor-button-content-wrapper\">\n\t\t\t\t\t\t\t\t\t<span class=\"elementor-button-text\">Fa\u00e7a parte da nossa equipe<\/span>\n\t\t\t\t\t<\/span>\n\t\t\t\t\t<\/a>\n\t\t\t\t<\/div>\n\t\t\t\t\t\t\t\t<\/div>\n\t\t\t\t<\/div>\n\t\t\t\t\t<\/div>\n\t\t\t\t<\/header>\n\t\t<div class=\"elementor-element elementor-element-91109e6 e-flex e-con-boxed e-con e-parent\" data-id=\"91109e6\" data-element_type=\"container\" data-settings=\"{&quot;background_background&quot;:&quot;classic&quot;}\">\n\t\t\t\t\t<div class=\"e-con-inner\">\n\t\t<article class=\"elementor-element elementor-element-614a04e e-flex e-con-boxed e-con e-child\" data-id=\"614a04e\" data-element_type=\"container\">\n\t\t\t\t\t<div class=\"e-con-inner\">\n\t\t\t\t<div class=\"elementor-element elementor-element-852ca20 elementor-widget__width-inherit elementor-hidden-mobile elementor-invisible elementor-widget elementor-widget-heading\" data-id=\"852ca20\" data-element_type=\"widget\" data-settings=\"{&quot;_animation&quot;:&quot;fadeInUp&quot;}\" data-widget_type=\"heading.default\">\n\t\t\t\t<div class=\"elementor-widget-container\">\n\t\t\t\t\t<h2 class=\"elementor-heading-title elementor-size-default\">Uma equipe feita de pessoas<Br> que buscam o topo<\/h2>\t\t\t\t<\/div>\n\t\t\t\t<\/div>\n\t\t\t\t<div class=\"elementor-element elementor-element-ecb0fd1 elementor-widget__width-inherit elementor-hidden-desktop elementor-hidden-tablet elementor-invisible elementor-widget elementor-widget-heading\" data-id=\"ecb0fd1\" data-element_type=\"widget\" data-settings=\"{&quot;_animation&quot;:&quot;fadeInUp&quot;}\" data-widget_type=\"heading.default\">\n\t\t\t\t<div class=\"elementor-widget-container\">\n\t\t\t\t\t<h2 class=\"elementor-heading-title elementor-size-default\">Uma equipe feita de pessoas quebuscam o topo<\/h2>\t\t\t\t<\/div>\n\t\t\t\t<\/div>\n\t\t\t\t<div class=\"elementor-element elementor-element-621a0f2 elementor-widget__width-initial elementor-invisible elementor-widget elementor-widget-text-editor\" data-id=\"621a0f2\" data-element_type=\"widget\" data-settings=\"{&quot;_animation&quot;:&quot;fadeInUp&quot;}\" data-widget_type=\"text-editor.default\">\n\t\t\t\t<div class=\"elementor-widget-container\">\n\t\t\t\t\t\t\t\t\t<p>Do atendimento \u00e0 instala\u00e7\u00e3o, contamos com profissionais extremamente capacitados.<\/p>\t\t\t\t\t\t\t\t<\/div>\n\t\t\t\t<\/div>\n\t\t\t\t\t<\/div>\n\t\t\t\t<\/article>\n\t\t\t\t\t<\/div>\n\t\t\t\t<\/div>\n\t\t<div class=\"elementor-element elementor-element-bb0cee6 e-flex e-con-boxed e-con e-parent\" data-id=\"bb0cee6\" data-element_type=\"container\" data-settings=\"{&quot;background_background&quot;:&quot;classic&quot;}\">\n\t\t\t\t\t<div class=\"e-con-inner\">\n\t\t<article class=\"elementor-element elementor-element-d84ac4a e-flex e-con-boxed e-con e-child\" data-id=\"d84ac4a\" data-element_type=\"container\">\n\t\t\t\t\t<div class=\"e-con-inner\">\n\t\t\t\t<div class=\"elementor-element elementor-element-ac7541e elementor-widget__width-inherit elementor-invisible elementor-widget elementor-widget-heading\" data-id=\"ac7541e\" data-element_type=\"widget\" data-settings=\"{&quot;_animation&quot;:&quot;fadeInUp&quot;}\" data-widget_type=\"heading.default\">\n\t\t\t\t<div class=\"elementor-widget-container\">\n\t\t\t\t\t<h2 class=\"elementor-heading-title elementor-size-default\">Nossa Vis\u00e3o<\/h2>\t\t\t\t<\/div>\n\t\t\t\t<\/div>\n\t\t\t\t<div class=\"elementor-element elementor-element-ddfbb60 elementor-widget__width-initial elementor-invisible elementor-widget elementor-widget-text-editor\" data-id=\"ddfbb60\" data-element_type=\"widget\" data-settings=\"{&quot;_animation&quot;:&quot;fadeInUp&quot;}\" data-widget_type=\"text-editor.default\">\n\t\t\t\t<div class=\"elementor-widget-container\">\n\t\t\t\t\t\t\t\t\t<p>Ser considerada a melhor empresa em desenvolvimento de projetos solares fotovoltaicos<br \/>e solu\u00e7\u00f5es energ\u00e9ticas de alta qualidade e performance para nossos clientes em todo Brasil.<\/p>\t\t\t\t\t\t\t\t<\/div>\n\t\t\t\t<\/div>\n\t\t<aside class=\"elementor-element elementor-element-300a73a e-flex e-con-boxed elementor-invisible e-con e-child\" data-id=\"300a73a\" data-element_type=\"container\" data-settings=\"{&quot;animation&quot;:&quot;fadeInUp&quot;}\">\n\t\t\t\t\t<div class=\"e-con-inner\">\n\t\t<div class=\"elementor-element elementor-element-ac0f3ad e-con-full elementor-hidden-desktop elementor-hidden-tablet e-flex e-con e-child\" data-id=\"ac0f3ad\" data-element_type=\"container\">\n\t\t\t\t<\/div>\n\t\t<div class=\"elementor-element elementor-element-ef114ff e-con-full e-flex e-con e-child\" data-id=\"ef114ff\" data-element_type=\"container\" data-settings=\"{&quot;background_background&quot;:&quot;classic&quot;}\">\n\t\t\t\t<div class=\"elementor-element elementor-element-e8a20a6 elementor-position-top elementor-widget elementor-widget-image-box\" data-id=\"e8a20a6\" data-element_type=\"widget\" data-widget_type=\"image-box.default\">\n\t\t\t\t<div class=\"elementor-widget-container\">\n\t\t\t\t\t<div class=\"elementor-image-box-wrapper\"><figure class=\"elementor-image-box-img\"><img decoding=\"async\" width=\"148\" height=\"172\" src=\"https:\/\/unicosolar.com.br\/backup\/wp-content\/uploads\/2023\/12\/resiliencia.png\" class=\"elementor-animation-shrink attachment-full size-full wp-image-1809\" alt=\"\u00cdcone resili\u00eancia\" \/><\/figure><\/div>\t\t\t\t<\/div>\n\t\t\t\t<\/div>\n\t\t\t\t<\/div>\n\t\t<div class=\"elementor-element elementor-element-decda2e e-con-full e-flex e-con e-child\" data-id=\"decda2e\" data-element_type=\"container\" data-settings=\"{&quot;background_background&quot;:&quot;classic&quot;}\">\n\t\t\t\t<div class=\"elementor-element elementor-element-24b6931 elementor-position-top elementor-widget elementor-widget-image-box\" data-id=\"24b6931\" data-element_type=\"widget\" data-widget_type=\"image-box.default\">\n\t\t\t\t<div class=\"elementor-widget-container\">\n\t\t\t\t\t<div class=\"elementor-image-box-wrapper\"><figure class=\"elementor-image-box-img\"><img decoding=\"async\" width=\"120\" height=\"173\" src=\"https:\/\/unicosolar.com.br\/backup\/wp-content\/uploads\/2023\/12\/empatia.png\" class=\"elementor-animation-shrink attachment-full size-full wp-image-1810\" alt=\"\u00cdcone empatia\" \/><\/figure><\/div>\t\t\t\t<\/div>\n\t\t\t\t<\/div>\n\t\t\t\t<\/div>\n\t\t<div class=\"elementor-element elementor-element-b0a674b e-con-full e-flex e-con e-child\" data-id=\"b0a674b\" data-element_type=\"container\" data-settings=\"{&quot;background_background&quot;:&quot;classic&quot;}\">\n\t\t\t\t<div class=\"elementor-element elementor-element-17e256d elementor-position-top elementor-widget elementor-widget-image-box\" data-id=\"17e256d\" data-element_type=\"widget\" data-widget_type=\"image-box.default\">\n\t\t\t\t<div class=\"elementor-widget-container\">\n\t\t\t\t\t<div class=\"elementor-image-box-wrapper\"><figure class=\"elementor-image-box-img\"><img decoding=\"async\" width=\"247\" height=\"173\" src=\"https:\/\/unicosolar.com.br\/backup\/wp-content\/uploads\/2023\/12\/boa-comunicacao.png\" class=\"elementor-animation-shrink attachment-full size-full wp-image-1811\" alt=\"\u00cdcone boa comunica\u00e7\u00e3o\" \/><\/figure><\/div>\t\t\t\t<\/div>\n\t\t\t\t<\/div>\n\t\t\t\t<\/div>\n\t\t<div class=\"elementor-element elementor-element-dd4b1a8 e-con-full elementor-hidden-desktop elementor-hidden-tablet e-flex e-con e-child\" data-id=\"dd4b1a8\" data-element_type=\"container\">\n\t\t\t\t<\/div>\n\t\t\t\t\t<\/div>\n\t\t\t\t<\/aside>\n\t\t\t\t\t<\/div>\n\t\t\t\t<\/article>\n\t\t\t\t\t<\/div>\n\t\t\t\t<\/div>\n\t\t<section class=\"elementor-element elementor-element-7dee66e e-flex e-con-boxed e-con e-parent\" data-id=\"7dee66e\" data-element_type=\"container\" data-settings=\"{&quot;background_background&quot;:&quot;classic&quot;}\">\n\t\t\t\t\t<div class=\"e-con-inner\">\n\t\t\t\t<div class=\"elementor-element elementor-element-da4b0a8 elementor-widget__width-initial elementor-invisible elementor-widget elementor-widget-heading\" data-id=\"da4b0a8\" data-element_type=\"widget\" data-settings=\"{&quot;_animation&quot;:&quot;fadeInUp&quot;}\" data-widget_type=\"heading.default\">\n\t\t\t\t<div class=\"elementor-widget-container\">\n\t\t\t\t\t<h2 class=\"elementor-heading-title elementor-size-default\">Entenda nosso processo\nde recrutamento <\/h2>\t\t\t\t<\/div>\n\t\t\t\t<\/div>\n\t\t<article class=\"elementor-element elementor-element-02d161b e-flex e-con-boxed elementor-invisible e-con e-child\" data-id=\"02d161b\" data-element_type=\"container\" data-settings=\"{&quot;animation&quot;:&quot;fadeInUp&quot;}\">\n\t\t\t\t\t<div class=\"e-con-inner\">\n\t\t<article class=\"elementor-element elementor-element-9553df1 e-flex e-con-boxed e-con e-child\" data-id=\"9553df1\" data-element_type=\"container\">\n\t\t\t\t\t<div class=\"e-con-inner\">\n\t\t\t\t<div class=\"elementor-element elementor-element-431b51a elementor-position-top elementor-widget elementor-widget-image-box\" data-id=\"431b51a\" data-element_type=\"widget\" data-widget_type=\"image-box.default\">\n\t\t\t\t<div class=\"elementor-widget-container\">\n\t\t\t\t\t<div class=\"elementor-image-box-wrapper\"><figure class=\"elementor-image-box-img\"><img loading=\"lazy\" decoding=\"async\" width=\"100\" height=\"100\" src=\"https:\/\/unicosolar.com.br\/backup\/wp-content\/uploads\/2023\/12\/Group-3-1.png\" class=\"elementor-animation-shrink attachment-full size-full wp-image-3487\" alt=\"\u00cdcone azul n\u00famero um\" \/><\/figure><div class=\"elementor-image-box-content\"><h3 class=\"elementor-image-box-title\">Entrevista Cultural<\/h3><p class=\"elementor-image-box-description\">Primeiramente queremos conhecer voc\u00ea, ou seja, quem \u00e9 a pessoa com quem vamos conviver no dia a dia, compartilhar alegrias e contar nos momentos desafiadores.\n<\/p><\/div><\/div>\t\t\t\t<\/div>\n\t\t\t\t<\/div>\n\t\t\t\t\t<\/div>\n\t\t\t\t<\/article>\n\t\t<article class=\"elementor-element elementor-element-4ca87a5 e-flex e-con-boxed e-con e-child\" data-id=\"4ca87a5\" data-element_type=\"container\">\n\t\t\t\t\t<div class=\"e-con-inner\">\n\t\t\t\t<div class=\"elementor-element elementor-element-6ba2903 elementor-position-top elementor-widget elementor-widget-image-box\" data-id=\"6ba2903\" data-element_type=\"widget\" data-widget_type=\"image-box.default\">\n\t\t\t\t<div class=\"elementor-widget-container\">\n\t\t\t\t\t<div class=\"elementor-image-box-wrapper\"><figure class=\"elementor-image-box-img\"><img loading=\"lazy\" decoding=\"async\" width=\"100\" height=\"100\" src=\"https:\/\/unicosolar.com.br\/backup\/wp-content\/uploads\/2023\/12\/Group-4-1.png\" class=\"elementor-animation-shrink attachment-full size-full wp-image-3488\" alt=\"\u00cdcone azul n\u00famero dois\" \/><\/figure><div class=\"elementor-image-box-content\"><h3 class=\"elementor-image-box-title\">Entrevista T\u00e9cnica<\/h3><p class=\"elementor-image-box-description\">\u00c9 hora de mostrar o que voc\u00ea sabe. Queremos entender melhor o seu conhecimento t\u00e9cnico espec\u00edfico do trabalho, suas principais habilidades e como voc\u00ea pode aplic\u00e1-lo na Unico Solar<\/p><\/div><\/div>\t\t\t\t<\/div>\n\t\t\t\t<\/div>\n\t\t\t\t\t<\/div>\n\t\t\t\t<\/article>\n\t\t<article class=\"elementor-element elementor-element-407eff1 e-flex e-con-boxed e-con e-child\" data-id=\"407eff1\" data-element_type=\"container\">\n\t\t\t\t\t<div class=\"e-con-inner\">\n\t\t\t\t<div class=\"elementor-element elementor-element-0c077ee elementor-position-top elementor-widget elementor-widget-image-box\" data-id=\"0c077ee\" data-element_type=\"widget\" data-widget_type=\"image-box.default\">\n\t\t\t\t<div class=\"elementor-widget-container\">\n\t\t\t\t\t<div class=\"elementor-image-box-wrapper\"><figure class=\"elementor-image-box-img\"><img loading=\"lazy\" decoding=\"async\" width=\"100\" height=\"100\" src=\"https:\/\/unicosolar.com.br\/backup\/wp-content\/uploads\/2023\/12\/Group-5-1.png\" class=\"elementor-animation-shrink attachment-full size-full wp-image-3489\" alt=\"\u00cdcone azul n\u00famero tr\u00eas\" \/><\/figure><div class=\"elementor-image-box-content\"><h3 class=\"elementor-image-box-title\">Teste de habilidades<\/h3><p class=\"elementor-image-box-description\">Propomos um desafio para testar a sua capacidade t\u00e9cnica, o seu n\u00edvel de especializa\u00e7\u00e3o e perceber onde podemos encaix\u00e1-lo no nosso plano de fun\u00e7\u00f5es.<\/p><\/div><\/div>\t\t\t\t<\/div>\n\t\t\t\t<\/div>\n\t\t\t\t\t<\/div>\n\t\t\t\t<\/article>\n\t\t<article class=\"elementor-element elementor-element-2cb8ae0 e-flex e-con-boxed e-con e-child\" data-id=\"2cb8ae0\" data-element_type=\"container\">\n\t\t\t\t\t<div class=\"e-con-inner\">\n\t\t\t\t<div class=\"elementor-element elementor-element-ceeb201 elementor-position-top elementor-widget elementor-widget-image-box\" data-id=\"ceeb201\" data-element_type=\"widget\" data-widget_type=\"image-box.default\">\n\t\t\t\t<div class=\"elementor-widget-container\">\n\t\t\t\t\t<div class=\"elementor-image-box-wrapper\"><figure class=\"elementor-image-box-img\"><img loading=\"lazy\" decoding=\"async\" width=\"100\" height=\"100\" src=\"https:\/\/unicosolar.com.br\/backup\/wp-content\/uploads\/2023\/12\/Group-6-1.png\" class=\"elementor-animation-shrink attachment-full size-full wp-image-3490\" alt=\"\u00cdcone azul n\u00famero quatro\" \/><\/figure><div class=\"elementor-image-box-content\"><h3 class=\"elementor-image-box-title\">Contratando...<\/h3><p class=\"elementor-image-box-description\">Tudo certo at\u00e9 aqui? Chegou a hora de reunir sua documenta\u00e7\u00e3o pessoal, exames e iniciar o processo. \u00c9 um pouco burocr\u00e1tico, mas prometemos que valer\u00e1 a pena!<\/p><\/div><\/div>\t\t\t\t<\/div>\n\t\t\t\t<\/div>\n\t\t\t\t\t<\/div>\n\t\t\t\t<\/article>\n\t\t<article class=\"elementor-element elementor-element-34e1fdc e-flex e-con-boxed e-con e-child\" data-id=\"34e1fdc\" data-element_type=\"container\">\n\t\t\t\t\t<div class=\"e-con-inner\">\n\t\t\t\t<div class=\"elementor-element elementor-element-063ac0b elementor-position-top elementor-widget elementor-widget-image-box\" data-id=\"063ac0b\" data-element_type=\"widget\" data-widget_type=\"image-box.default\">\n\t\t\t\t<div class=\"elementor-widget-container\">\n\t\t\t\t\t<div class=\"elementor-image-box-wrapper\"><figure class=\"elementor-image-box-img\"><img loading=\"lazy\" decoding=\"async\" width=\"100\" height=\"100\" src=\"https:\/\/unicosolar.com.br\/backup\/wp-content\/uploads\/2023\/12\/Group-7-1.png\" class=\"elementor-animation-shrink attachment-full size-full wp-image-3491\" alt=\"\u00cdcone azul n\u00famero cinco\" \/><\/figure><div class=\"elementor-image-box-content\"><h3 class=\"elementor-image-box-title\">...e Come\u00e7ando!<\/h3><p class=\"elementor-image-box-description\">Seu processo de integra\u00e7\u00e3o ser\u00e1 gerenciado por nossa equipe de pessoas e cultura. Voc\u00ea ser\u00e1 apresentado a toda a equipe e conhecer\u00e1 um de nossos escrit\u00f3rios. Bem-vindo \u00e0 equipe!<\/p><\/div><\/div>\t\t\t\t<\/div>\n\t\t\t\t<\/div>\n\t\t\t\t\t<\/div>\n\t\t\t\t<\/article>\n\t\t\t\t\t<\/div>\n\t\t\t\t<\/article>\n\t\t\t\t<div class=\"elementor-element elementor-element-0fa8323 elementor-align-center elementor-invisible elementor-widget elementor-widget-button\" data-id=\"0fa8323\" data-element_type=\"widget\" data-settings=\"{&quot;_animation&quot;:&quot;fadeInUp&quot;}\" data-widget_type=\"button.default\">\n\t\t\t\t<div class=\"elementor-widget-container\">\n\t\t\t\t\t\t\t\t\t<div class=\"elementor-button-wrapper\">\n\t\t\t\t\t<a class=\"elementor-button elementor-button-link elementor-size-sm elementor-animation-shrink\" href=\"#form\">\n\t\t\t\t\t\t<span class=\"elementor-button-content-wrapper\">\n\t\t\t\t\t\t\t\t\t<span class=\"elementor-button-text\">Fa\u00e7a parte da nossa equipe<\/span>\n\t\t\t\t\t<\/span>\n\t\t\t\t\t<\/a>\n\t\t\t\t<\/div>\n\t\t\t\t\t\t\t\t<\/div>\n\t\t\t\t<\/div>\n\t\t\t\t\t<\/div>\n\t\t\t\t<\/section>\n\t\t<div class=\"elementor-element elementor-element-9de8232 e-flex e-con-boxed elementor-invisible e-con e-parent\" data-id=\"9de8232\" data-element_type=\"container\" data-settings=\"{&quot;background_background&quot;:&quot;classic&quot;,&quot;animation&quot;:&quot;fadeIn&quot;}\">\n\t\t\t\t\t<div class=\"e-con-inner\">\n\t\t\t\t<div class=\"elementor-element elementor-element-7b8a371 elementor-widget__width-initial elementor-invisible elementor-widget elementor-widget-heading\" data-id=\"7b8a371\" data-element_type=\"widget\" data-settings=\"{&quot;_animation&quot;:&quot;fadeIn&quot;}\" data-widget_type=\"heading.default\">\n\t\t\t\t<div class=\"elementor-widget-container\">\n\t\t\t\t\t<h2 class=\"elementor-heading-title elementor-size-default\">Seja parte da transforma\u00e7\u00e3o do futuro da energia solar<br>\nSeja Unico Solar!<\/h2>\t\t\t\t<\/div>\n\t\t\t\t<\/div>\n\t\t\t\t<div class=\"elementor-element elementor-element-29740d9 elementor-align-center elementor-widget elementor-widget-button\" data-id=\"29740d9\" data-element_type=\"widget\" data-widget_type=\"button.default\">\n\t\t\t\t<div class=\"elementor-widget-container\">\n\t\t\t\t\t\t\t\t\t<div class=\"elementor-button-wrapper\">\n\t\t\t\t\t<a class=\"elementor-button elementor-button-link elementor-size-sm elementor-animation-shrink\" href=\"#\" target=\"_blank\">\n\t\t\t\t\t\t<span class=\"elementor-button-content-wrapper\">\n\t\t\t\t\t\t\t\t\t<span class=\"elementor-button-text\">Acesse nosso LinkedIn<\/span>\n\t\t\t\t\t<\/span>\n\t\t\t\t\t<\/a>\n\t\t\t\t<\/div>\n\t\t\t\t\t\t\t\t<\/div>\n\t\t\t\t<\/div>\n\t\t\t\t\t<\/div>\n\t\t\t\t<\/div>\n\t\t<section class=\"elementor-element elementor-element-ba5891a e-flex e-con-boxed elementor-invisible e-con e-parent\" data-id=\"ba5891a\" data-element_type=\"container\" data-settings=\"{&quot;animation&quot;:&quot;fadeIn&quot;,&quot;background_background&quot;:&quot;classic&quot;}\">\n\t\t\t\t\t<div class=\"e-con-inner\">\n\t\t<aside class=\"elementor-element elementor-element-a9b028a e-con-full e-flex e-con e-child\" data-id=\"a9b028a\" data-element_type=\"container\" data-settings=\"{&quot;background_background&quot;:&quot;classic&quot;}\">\n\t\t\t\t<div class=\"elementor-element elementor-element-4e85eeb elementor-widget elementor-widget-heading\" data-id=\"4e85eeb\" data-element_type=\"widget\" id=\"form\" data-widget_type=\"heading.default\">\n\t\t\t\t<div class=\"elementor-widget-container\">\n\t\t\t\t\t<h2 class=\"elementor-heading-title elementor-size-default\">Junte-se ao nosso time!<\/h2>\t\t\t\t<\/div>\n\t\t\t\t<\/div>\n\t\t\t\t<div class=\"elementor-element elementor-element-6949411 elementor-widget__width-initial elementor-widget elementor-widget-text-editor\" data-id=\"6949411\" data-element_type=\"widget\" data-widget_type=\"text-editor.default\">\n\t\t\t\t<div class=\"elementor-widget-container\">\n\t\t\t\t\t\t\t\t\t<p>N\u00f3s queremos voc\u00ea, envie seu curr\u00edculo atualizado.<\/p>\t\t\t\t\t\t\t\t<\/div>\n\t\t\t\t<\/div>\n\t\t\t\t<div class=\"elementor-element elementor-element-2fdf681 elementor-widget elementor-widget-form\" data-id=\"2fdf681\" data-element_type=\"widget\" data-widget_type=\"form.default\">\n\t\t\t\t<div class=\"elementor-widget-container\">\n\t\t\t\t\t \t\t\t\t<\/div>\n\t\t\t\t<\/div>\n\t\t\t\t<\/aside>\n\t\t\t\t\t<\/div>\n\t\t\t\t<\/section>\n\t\t\t\t<\/div>\n\t\t","protected":false},"excerpt":{"rendered":"<p>A empresa de energia solar feita de pessoas que buscam fazer a diferen\u00e7a est\u00e1 buscando talentos como voc\u00ea! Fa\u00e7a parte da nossa equipe Uma equipe feita de pessoas que buscam o topo Uma equipe feita de pessoas quebuscam o topo Do atendimento \u00e0 instala\u00e7\u00e3o, contamos com profissionais extremamente capacitados. Nossa Vis\u00e3o Ser considerada a melhor [&hellip;]<\/p>\n","protected":false},"author":5,"featured_media":0,"parent":0,"menu_order":0,"comment_status":"closed","ping_status":"closed","template":"elementor_theme","meta":{"_joinchat":[],"footnotes":""},"class_list":["post-559","page","type-page","status-publish","hentry"],"_links":{"self":[{"href":"https:\/\/unicosolar.com.br\/backup\/wp-json\/wp\/v2\/pages\/559","targetHints":{"allow":["GET"]}}],"collection":[{"href":"https:\/\/unicosolar.com.br\/backup\/wp-json\/wp\/v2\/pages"}],"about":[{"href":"https:\/\/unicosolar.com.br\/backup\/wp-json\/wp\/v2\/types\/page"}],"author":[{"embeddable":true,"href":"https:\/\/unicosolar.com.br\/backup\/wp-json\/wp\/v2\/users\/5"}],"replies":[{"embeddable":true,"href":"https:\/\/unicosolar.com.br\/backup\/wp-json\/wp\/v2\/comments?post=559"}],"version-history":[{"count":527,"href":"https:\/\/unicosolar.com.br\/backup\/wp-json\/wp\/v2\/pages\/559\/revisions"}],"predecessor-version":[{"id":5541,"href":"https:\/\/unicosolar.com.br\/backup\/wp-json\/wp\/v2\/pages\/559\/revisions\/5541"}],"wp:attachment":[{"href":"https:\/\/unicosolar.com.br\/backup\/wp-json\/wp\/v2\/media?parent=559"}],"curies":[{"name":"wp","href":"https:\/\/api.w.org\/{rel}","templated":true}]}}