{"id":899,"date":"2023-12-11T06:38:17","date_gmt":"2023-12-11T06:38:17","guid":{"rendered":"https:\/\/unicosolar.com.br\/backup\/?page_id=899"},"modified":"2024-05-24T18:26:54","modified_gmt":"2024-05-24T21:26:54","slug":"seja-um-consultor-comercial","status":"publish","type":"page","link":"https:\/\/unicosolar.com.br\/backup\/seja-um-consultor-comercial\/","title":{"rendered":"Seja um consultor comercial"},"content":{"rendered":"\t\t<div data-elementor-type=\"wp-page\" data-elementor-id=\"899\" class=\"elementor elementor-899\">\n\t\t\t\t<section class=\"elementor-element elementor-element-0508dd2 e-flex e-con-boxed e-con e-parent\" data-id=\"0508dd2\" data-element_type=\"container\" data-settings=\"{&quot;background_background&quot;:&quot;classic&quot;}\">\n\t\t\t\t\t<div class=\"e-con-inner\">\n\t\t\t\t<div class=\"elementor-element elementor-element-30d388b elementor-widget__width-initial elementor-invisible elementor-widget elementor-widget-heading\" data-id=\"30d388b\" data-element_type=\"widget\" data-settings=\"{&quot;_animation&quot;:&quot;fadeIn&quot;}\" data-widget_type=\"heading.default\">\n\t\t\t\t<div class=\"elementor-widget-container\">\n\t\t\t\t\t<h2 class=\"elementor-heading-title elementor-size-default\">Uma empresa feita de pessoas\nque buscam fazer a diferen\u00e7a.<\/h2>\t\t\t\t<\/div>\n\t\t\t\t<\/div>\n\t\t\t\t<div class=\"elementor-element elementor-element-c2a50be elementor-widget__width-initial elementor-invisible elementor-widget elementor-widget-heading\" data-id=\"c2a50be\" data-element_type=\"widget\" data-settings=\"{&quot;_animation&quot;:&quot;fadeIn&quot;}\" data-widget_type=\"heading.default\">\n\t\t\t\t<div class=\"elementor-widget-container\">\n\t\t\t\t\t<h1 class=\"elementor-heading-title elementor-size-default\">Seja um Consultor Comercial<\/h1>\t\t\t\t<\/div>\n\t\t\t\t<\/div>\n\t\t\t\t<div class=\"elementor-element elementor-element-84f16ee elementor-align-center elementor-widget elementor-widget-button\" data-id=\"84f16ee\" data-element_type=\"widget\" data-widget_type=\"button.default\">\n\t\t\t\t<div class=\"elementor-widget-container\">\n\t\t\t\t\t\t\t\t\t<div class=\"elementor-button-wrapper\">\n\t\t\t\t\t<a class=\"elementor-button elementor-button-link elementor-size-sm elementor-animation-shrink\" href=\"#form\">\n\t\t\t\t\t\t<span class=\"elementor-button-content-wrapper\">\n\t\t\t\t\t\t\t\t\t<span class=\"elementor-button-text\">Quero ser um consultor comercial<\/span>\n\t\t\t\t\t<\/span>\n\t\t\t\t\t<\/a>\n\t\t\t\t<\/div>\n\t\t\t\t\t\t\t\t<\/div>\n\t\t\t\t<\/div>\n\t\t\t\t\t<\/div>\n\t\t\t\t<\/section>\n\t\t<section class=\"elementor-element elementor-element-ea9f2d8 e-flex e-con-boxed e-con e-parent\" data-id=\"ea9f2d8\" data-element_type=\"container\" data-settings=\"{&quot;background_background&quot;:&quot;classic&quot;}\">\n\t\t\t\t\t<div class=\"e-con-inner\">\n\t\t<article class=\"elementor-element elementor-element-d98db3b e-flex e-con-boxed e-con e-child\" data-id=\"d98db3b\" data-element_type=\"container\">\n\t\t\t\t\t<div class=\"e-con-inner\">\n\t\t\t\t<div class=\"elementor-element elementor-element-4f3708f elementor-widget__width-initial elementor-invisible elementor-widget elementor-widget-heading\" data-id=\"4f3708f\" data-element_type=\"widget\" data-settings=\"{&quot;_animation&quot;:&quot;fadeInUp&quot;}\" data-widget_type=\"heading.default\">\n\t\t\t\t<div class=\"elementor-widget-container\">\n\t\t\t\t\t<h2 class=\"elementor-heading-title elementor-size-default\">Seja um consultor comercial em um dos mercados que mais cresce no mundo!<\/h2>\t\t\t\t<\/div>\n\t\t\t\t<\/div>\n\t\t\t\t<div class=\"elementor-element elementor-element-d450748 elementor-widget__width-initial elementor-invisible elementor-widget elementor-widget-text-editor\" data-id=\"d450748\" data-element_type=\"widget\" data-settings=\"{&quot;_animation&quot;:&quot;fadeInUp&quot;}\" data-widget_type=\"text-editor.default\">\n\t\t\t\t<div class=\"elementor-widget-container\">\n\t\t\t\t\t\t\t\t\t<p>O Brasil tem hoje cerca de 2% de sua matriz energ\u00e9tica vinda da energia solar.<br \/><br \/>Segundo a GREENER, a previs\u00e3o para 2040 \u00e9 que esse n\u00famero ultrapasse os 30% da nossa matriz energ\u00e9tica.<br \/><br \/>J\u00e1 imaginou quantas milh\u00f5es de instala\u00e7\u00f5es de energia solar est\u00e3o por vir nos pr\u00f3ximos anos? <br \/><br \/>Fa\u00e7a parte disso, saia na frente, e explore essa grandiosa oportunidade que est\u00e1 acontecendo no nosso pa\u00eds.<\/p>\t\t\t\t\t\t\t\t<\/div>\n\t\t\t\t<\/div>\n\t\t\t\t<div class=\"elementor-element elementor-element-b436ca5 elementor-align-center elementor-widget elementor-widget-button\" data-id=\"b436ca5\" data-element_type=\"widget\" data-widget_type=\"button.default\">\n\t\t\t\t<div class=\"elementor-widget-container\">\n\t\t\t\t\t\t\t\t\t<div class=\"elementor-button-wrapper\">\n\t\t\t\t\t<a class=\"elementor-button elementor-button-link elementor-size-sm elementor-animation-shrink\" href=\"#form\">\n\t\t\t\t\t\t<span class=\"elementor-button-content-wrapper\">\n\t\t\t\t\t\t\t\t\t<span class=\"elementor-button-text\">Quero ser um consultor comercial<\/span>\n\t\t\t\t\t<\/span>\n\t\t\t\t\t<\/a>\n\t\t\t\t<\/div>\n\t\t\t\t\t\t\t\t<\/div>\n\t\t\t\t<\/div>\n\t\t\t\t\t<\/div>\n\t\t\t\t<\/article>\n\t\t\t\t\t<\/div>\n\t\t\t\t<\/section>\n\t\t<section class=\"elementor-element elementor-element-4bc749d e-flex e-con-boxed e-con e-parent\" data-id=\"4bc749d\" data-element_type=\"container\" data-settings=\"{&quot;background_background&quot;:&quot;classic&quot;}\">\n\t\t\t\t\t<div class=\"e-con-inner\">\n\t\t<article class=\"elementor-element elementor-element-697ef4d e-flex e-con-boxed e-con e-child\" data-id=\"697ef4d\" data-element_type=\"container\">\n\t\t\t\t\t<div class=\"e-con-inner\">\n\t\t\t\t<div class=\"elementor-element elementor-element-c7b631c elementor-widget__width-inherit elementor-invisible elementor-widget elementor-widget-heading\" data-id=\"c7b631c\" data-element_type=\"widget\" data-settings=\"{&quot;_animation&quot;:&quot;fadeInUp&quot;}\" data-widget_type=\"heading.default\">\n\t\t\t\t<div class=\"elementor-widget-container\">\n\t\t\t\t\t<h2 class=\"elementor-heading-title elementor-size-default\">Nossa Vis\u00e3o<\/h2>\t\t\t\t<\/div>\n\t\t\t\t<\/div>\n\t\t\t\t<div class=\"elementor-element elementor-element-bc85782 elementor-widget__width-initial elementor-invisible elementor-widget elementor-widget-text-editor\" data-id=\"bc85782\" data-element_type=\"widget\" data-settings=\"{&quot;_animation&quot;:&quot;fadeInUp&quot;}\" data-widget_type=\"text-editor.default\">\n\t\t\t\t<div class=\"elementor-widget-container\">\n\t\t\t\t\t\t\t\t\t<p>Ser considerada a melhor empresa em desenvolvimento de projetos solares fotovoltaicos<br \/>e solu\u00e7\u00f5es energ\u00e9ticas de alta qualidade e performance para nossos clientes em todo Brasil.<\/p>\t\t\t\t\t\t\t\t<\/div>\n\t\t\t\t<\/div>\n\t\t<aside class=\"elementor-element elementor-element-24d87ab e-flex e-con-boxed elementor-invisible e-con e-child\" data-id=\"24d87ab\" data-element_type=\"container\" data-settings=\"{&quot;animation&quot;:&quot;fadeInUp&quot;}\">\n\t\t\t\t\t<div class=\"e-con-inner\">\n\t\t<div class=\"elementor-element elementor-element-b2c68a5 e-con-full elementor-hidden-desktop elementor-hidden-tablet e-flex e-con e-child\" data-id=\"b2c68a5\" data-element_type=\"container\">\n\t\t\t\t<\/div>\n\t\t<div class=\"elementor-element elementor-element-f16012c e-con-full e-flex e-con e-child\" data-id=\"f16012c\" data-element_type=\"container\" data-settings=\"{&quot;background_background&quot;:&quot;classic&quot;}\">\n\t\t\t\t<div class=\"elementor-element elementor-element-bbef0bf elementor-position-top elementor-widget elementor-widget-image-box\" data-id=\"bbef0bf\" data-element_type=\"widget\" data-widget_type=\"image-box.default\">\n\t\t\t\t<div class=\"elementor-widget-container\">\n\t\t\t\t\t<div class=\"elementor-image-box-wrapper\"><figure class=\"elementor-image-box-img\"><img decoding=\"async\" width=\"148\" height=\"172\" src=\"https:\/\/unicosolar.com.br\/backup\/wp-content\/uploads\/2023\/12\/resiliencia.png\" class=\"elementor-animation-shrink attachment-full size-full wp-image-1809\" alt=\"\u00cdcone resili\u00eancia\" \/><\/figure><\/div>\t\t\t\t<\/div>\n\t\t\t\t<\/div>\n\t\t\t\t<\/div>\n\t\t<div class=\"elementor-element elementor-element-feaed36 e-con-full e-flex e-con e-child\" data-id=\"feaed36\" data-element_type=\"container\" data-settings=\"{&quot;background_background&quot;:&quot;classic&quot;}\">\n\t\t\t\t<div class=\"elementor-element elementor-element-5d4dfc3 elementor-position-top elementor-widget elementor-widget-image-box\" data-id=\"5d4dfc3\" data-element_type=\"widget\" data-widget_type=\"image-box.default\">\n\t\t\t\t<div class=\"elementor-widget-container\">\n\t\t\t\t\t<div class=\"elementor-image-box-wrapper\"><figure class=\"elementor-image-box-img\"><img decoding=\"async\" width=\"120\" height=\"173\" src=\"https:\/\/unicosolar.com.br\/backup\/wp-content\/uploads\/2023\/12\/empatia.png\" class=\"elementor-animation-shrink attachment-full size-full wp-image-1810\" alt=\"\u00cdcone empatia\" \/><\/figure><\/div>\t\t\t\t<\/div>\n\t\t\t\t<\/div>\n\t\t\t\t<\/div>\n\t\t<div class=\"elementor-element elementor-element-6d2c479 e-con-full e-flex e-con e-child\" data-id=\"6d2c479\" data-element_type=\"container\" data-settings=\"{&quot;background_background&quot;:&quot;classic&quot;}\">\n\t\t\t\t<div class=\"elementor-element elementor-element-c37875e elementor-position-top elementor-widget elementor-widget-image-box\" data-id=\"c37875e\" data-element_type=\"widget\" data-widget_type=\"image-box.default\">\n\t\t\t\t<div class=\"elementor-widget-container\">\n\t\t\t\t\t<div class=\"elementor-image-box-wrapper\"><figure class=\"elementor-image-box-img\"><img decoding=\"async\" width=\"247\" height=\"173\" src=\"https:\/\/unicosolar.com.br\/backup\/wp-content\/uploads\/2023\/12\/boa-comunicacao.png\" class=\"elementor-animation-shrink attachment-full size-full wp-image-1811\" alt=\"\u00cdcone boa comunica\u00e7\u00e3o\" \/><\/figure><\/div>\t\t\t\t<\/div>\n\t\t\t\t<\/div>\n\t\t\t\t<\/div>\n\t\t<div class=\"elementor-element elementor-element-c93adcc e-con-full elementor-hidden-desktop elementor-hidden-tablet elementor-hidden-mobile e-flex e-con e-child\" data-id=\"c93adcc\" data-element_type=\"container\">\n\t\t\t\t<\/div>\n\t\t\t\t\t<\/div>\n\t\t\t\t<\/aside>\n\t\t\t\t<div class=\"elementor-element elementor-element-da0b743 elementor-align-center elementor-widget elementor-widget-button\" data-id=\"da0b743\" data-element_type=\"widget\" data-widget_type=\"button.default\">\n\t\t\t\t<div class=\"elementor-widget-container\">\n\t\t\t\t\t\t\t\t\t<div class=\"elementor-button-wrapper\">\n\t\t\t\t\t<a class=\"elementor-button elementor-button-link elementor-size-sm elementor-animation-shrink\" href=\"#form\">\n\t\t\t\t\t\t<span class=\"elementor-button-content-wrapper\">\n\t\t\t\t\t\t\t\t\t<span class=\"elementor-button-text\">Quero ser um consultor comercial<\/span>\n\t\t\t\t\t<\/span>\n\t\t\t\t\t<\/a>\n\t\t\t\t<\/div>\n\t\t\t\t\t\t\t\t<\/div>\n\t\t\t\t<\/div>\n\t\t\t\t\t<\/div>\n\t\t\t\t<\/article>\n\t\t\t\t\t<\/div>\n\t\t\t\t<\/section>\n\t\t<main class=\"elementor-element elementor-element-f9fc341 e-flex e-con-boxed elementor-invisible e-con e-parent\" data-id=\"f9fc341\" data-element_type=\"container\" data-settings=\"{&quot;background_background&quot;:&quot;classic&quot;,&quot;animation&quot;:&quot;fadeIn&quot;}\">\n\t\t\t\t\t<div class=\"e-con-inner\">\n\t\t\t\t<div class=\"elementor-element elementor-element-8b22ccf elementor-widget__width-initial elementor-invisible elementor-widget elementor-widget-heading\" data-id=\"8b22ccf\" data-element_type=\"widget\" data-settings=\"{&quot;_animation&quot;:&quot;fadeIn&quot;}\" data-widget_type=\"heading.default\">\n\t\t\t\t<div class=\"elementor-widget-container\">\n\t\t\t\t\t<h2 class=\"elementor-heading-title elementor-size-default\">Seja parte da transforma\u00e7\u00e3o do futuro da energia solar<br>\nSeja Unico Solar!<\/h2>\t\t\t\t<\/div>\n\t\t\t\t<\/div>\n\t\t\t\t<div class=\"elementor-element elementor-element-90f6a5e elementor-align-center elementor-widget elementor-widget-button\" data-id=\"90f6a5e\" data-element_type=\"widget\" data-widget_type=\"button.default\">\n\t\t\t\t<div class=\"elementor-widget-container\">\n\t\t\t\t\t\t\t\t\t<div class=\"elementor-button-wrapper\">\n\t\t\t\t\t<a class=\"elementor-button elementor-button-link elementor-size-sm elementor-animation-shrink\" href=\"#\" target=\"_blank\">\n\t\t\t\t\t\t<span class=\"elementor-button-content-wrapper\">\n\t\t\t\t\t\t\t\t\t<span class=\"elementor-button-text\">Acesse nosso LinkedIn<\/span>\n\t\t\t\t\t<\/span>\n\t\t\t\t\t<\/a>\n\t\t\t\t<\/div>\n\t\t\t\t\t\t\t\t<\/div>\n\t\t\t\t<\/div>\n\t\t\t\t\t<\/div>\n\t\t\t\t<\/main>\n\t\t<section class=\"elementor-element elementor-element-8c0040c e-flex e-con-boxed elementor-invisible e-con e-parent\" data-id=\"8c0040c\" data-element_type=\"container\" data-settings=\"{&quot;animation&quot;:&quot;fadeIn&quot;,&quot;background_background&quot;:&quot;classic&quot;}\">\n\t\t\t\t\t<div class=\"e-con-inner\">\n\t\t<aside class=\"elementor-element elementor-element-249e15a e-con-full e-flex e-con e-child\" data-id=\"249e15a\" data-element_type=\"container\" data-settings=\"{&quot;background_background&quot;:&quot;classic&quot;}\">\n\t\t\t\t<div class=\"elementor-element elementor-element-bdd6f62 elementor-widget elementor-widget-heading\" data-id=\"bdd6f62\" data-element_type=\"widget\" id=\"form\" data-widget_type=\"heading.default\">\n\t\t\t\t<div class=\"elementor-widget-container\">\n\t\t\t\t\t<h2 class=\"elementor-heading-title elementor-size-default\">Junte-se ao nosso time!<\/h2>\t\t\t\t<\/div>\n\t\t\t\t<\/div>\n\t\t\t\t<div class=\"elementor-element elementor-element-2e56716 elementor-widget__width-initial elementor-widget elementor-widget-text-editor\" data-id=\"2e56716\" data-element_type=\"widget\" data-widget_type=\"text-editor.default\">\n\t\t\t\t<div class=\"elementor-widget-container\">\n\t\t\t\t\t\t\t\t\t<p>N\u00f3s queremos voc\u00ea, envie seu curr\u00edculo atualizado.<\/p>\t\t\t\t\t\t\t\t<\/div>\n\t\t\t\t<\/div>\n\t\t\t\t<div class=\"elementor-element elementor-element-9c7d4a1 elementor-widget elementor-widget-form\" data-id=\"9c7d4a1\" data-element_type=\"widget\" data-widget_type=\"form.default\">\n\t\t\t\t<div class=\"elementor-widget-container\">\n\t\t\t\t\t \t\t\t\t<\/div>\n\t\t\t\t<\/div>\n\t\t\t\t<\/aside>\n\t\t\t\t\t<\/div>\n\t\t\t\t<\/section>\n\t\t<div class=\"elementor-element elementor-element-e03f96b elementor-hidden-desktop elementor-hidden-tablet elementor-hidden-mobile e-flex e-con-boxed e-con e-parent\" data-id=\"e03f96b\" data-element_type=\"container\" data-settings=\"{&quot;background_background&quot;:&quot;classic&quot;}\">\n\t\t\t\t\t<div class=\"e-con-inner\">\n\t\t\t\t\t<\/div>\n\t\t\t\t<\/div>\n\t\t\t\t<\/div>\n\t\t","protected":false},"excerpt":{"rendered":"<p>Uma empresa feita de pessoas que buscam fazer a diferen\u00e7a. Seja um Consultor Comercial Quero ser um consultor comercial Seja um consultor comercial em um dos mercados que mais cresce no mundo! O Brasil tem hoje cerca de 2% de sua matriz energ\u00e9tica vinda da energia solar. Segundo a GREENER, a previs\u00e3o para 2040 \u00e9 [&hellip;]<\/p>\n","protected":false},"author":5,"featured_media":0,"parent":0,"menu_order":0,"comment_status":"closed","ping_status":"closed","template":"elementor_theme","meta":{"_joinchat":[],"footnotes":""},"class_list":["post-899","page","type-page","status-publish","hentry"],"_links":{"self":[{"href":"https:\/\/unicosolar.com.br\/backup\/wp-json\/wp\/v2\/pages\/899","targetHints":{"allow":["GET"]}}],"collection":[{"href":"https:\/\/unicosolar.com.br\/backup\/wp-json\/wp\/v2\/pages"}],"about":[{"href":"https:\/\/unicosolar.com.br\/backup\/wp-json\/wp\/v2\/types\/page"}],"author":[{"embeddable":true,"href":"https:\/\/unicosolar.com.br\/backup\/wp-json\/wp\/v2\/users\/5"}],"replies":[{"embeddable":true,"href":"https:\/\/unicosolar.com.br\/backup\/wp-json\/wp\/v2\/comments?post=899"}],"version-history":[{"count":250,"href":"https:\/\/unicosolar.com.br\/backup\/wp-json\/wp\/v2\/pages\/899\/revisions"}],"predecessor-version":[{"id":5544,"href":"https:\/\/unicosolar.com.br\/backup\/wp-json\/wp\/v2\/pages\/899\/revisions\/5544"}],"wp:attachment":[{"href":"https:\/\/unicosolar.com.br\/backup\/wp-json\/wp\/v2\/media?parent=899"}],"curies":[{"name":"wp","href":"https:\/\/api.w.org\/{rel}","templated":true}]}}